{"id":14179,"date":"2024-02-05T09:42:35","date_gmt":"2024-02-05T07:42:35","guid":{"rendered":"https:\/\/medqmedicalsuppliers.co.za\/?product=digital-baby-clinic-scale-n-ms3500"},"modified":"2024-02-05T09:42:36","modified_gmt":"2024-02-05T07:42:36","slug":"digital-baby-clinic-scale-n-ms3500","status":"publish","type":"product","link":"https:\/\/medqmedicalsuppliers.co.za\/?product=digital-baby-clinic-scale-n-ms3500","title":{"rendered":"Digital Baby Clinic Scale \u00f1 MS3500"},"content":{"rendered":"","protected":false},"excerpt":{"rendered":"<p>Digital Baby Scale, sleek and smooth design for baby\u00eds comfort. Ultra slim platform design. Light weight and accuracy. Measure your baby without tray or with tray.<\/p>\n<p>Specifications:<\/p>\n<p>MODEL:&nbsp;&nbsp; &nbsp;MS3500<br \/>\nCapacity&nbsp;&nbsp; &nbsp;0 \u00f1 20kg<br \/>\n0 \u00f1 10kg \u00f15g10 \u00f1 20kg \u00f1 10g<br \/>\nDimensions&nbsp;&nbsp; &nbsp;Base:&nbsp; 340(w) x 330(d) x 50mm (h)Tray:&nbsp; 585 (w) x 280 (d) x 120mm (h)<br \/>\nAccuracy&nbsp;&nbsp; &nbsp;\u00b1 7.5g &lt;10kg &gt; \u00b1 15g<br \/>\nTray&nbsp;&nbsp; &nbsp;Yes<br \/>\nUnits of Measure&nbsp;&nbsp; &nbsp;Kg\/lb<br \/>\nFunction Keys&nbsp;&nbsp; &nbsp;ON\/ZERO\/OFF, UNIT, HOLD<br \/>\nStabilisation Time&nbsp;&nbsp; &nbsp;1-2 Seconds<br \/>\nOperating Temperature&nbsp;&nbsp; &nbsp;5\u221eC \/ 35\u221eC<br \/>\nPower Supply&nbsp;&nbsp; &nbsp;9V Alkaline Battery (not included with unit) \/ AC Adaptor<br \/>\nIndicator Display&nbsp;&nbsp; &nbsp;1.0&nbsp; LCD Display with 5 active digits.<br \/>\nQuality Standard&nbsp;&nbsp; &nbsp;CE<\/p>\n","protected":false},"featured_media":14178,"template":"","meta":{"content-type":"","site-sidebar-layout":"default","site-content-layout":"","ast-site-content-layout":"default","site-content-style":"default","site-sidebar-style":"default","ast-global-header-display":"","ast-banner-title-visibility":"","ast-main-header-display":"","ast-hfb-above-header-display":"","ast-hfb-below-header-display":"","ast-hfb-mobile-header-display":"","site-post-title":"","ast-breadcrumbs-content":"","ast-featured-img":"","footer-sml-layout":"","ast-disable-related-posts":"","theme-transparent-header-meta":"","adv-header-id-meta":"","stick-header-meta":"","header-above-stick-meta":"","header-main-stick-meta":"","header-below-stick-meta":"","astra-migrate-meta-layouts":"default","ast-page-background-enabled":"default","ast-page-background-meta":{"desktop":{"background-color":"","background-image":"","background-repeat":"repeat","background-position":"center center","background-size":"auto","background-attachment":"scroll","background-type":"","background-media":"","overlay-type":"","overlay-color":"","overlay-opacity":"","overlay-gradient":""},"tablet":{"background-color":"","background-image":"","background-repeat":"repeat","background-position":"center center","background-size":"auto","background-attachment":"scroll","background-type":"","background-media":"","overlay-type":"","overlay-color":"","overlay-opacity":"","overlay-gradient":""},"mobile":{"background-color":"","background-image":"","background-repeat":"repeat","background-position":"center center","background-size":"auto","background-attachment":"scroll","background-type":"","background-media":"","overlay-type":"","overlay-color":"","overlay-opacity":"","overlay-gradient":""}},"ast-content-background-meta":{"desktop":{"background-color":"var(--ast-global-color-5)","background-image":"","background-repeat":"repeat","background-position":"center center","background-size":"auto","background-attachment":"scroll","background-type":"","background-media":"","overlay-type":"","overlay-color":"","overlay-opacity":"","overlay-gradient":""},"tablet":{"background-color":"var(--ast-global-color-5)","background-image":"","background-repeat":"repeat","background-position":"center center","background-size":"auto","background-attachment":"scroll","background-type":"","background-media":"","overlay-type":"","overlay-color":"","overlay-opacity":"","overlay-gradient":""},"mobile":{"background-color":"var(--ast-global-color-5)","background-image":"","background-repeat":"repeat","background-position":"center center","background-size":"auto","background-attachment":"scroll","background-type":"","background-media":"","overlay-type":"","overlay-color":"","overlay-opacity":"","overlay-gradient":""}}},"product_brand":[],"product_cat":[5894],"product_tag":[6354],"class_list":{"0":"post-14179","1":"product","2":"type-product","3":"status-publish","4":"has-post-thumbnail","6":"product_cat-scales","7":"product_tag-digital-baby-clinic-scale-n-ms3500","8":"desktop-align-center","9":"tablet-align-center","10":"mobile-align-center","12":"first","13":"instock","14":"shipping-taxable","15":"purchasable","16":"product-type-simple"},"_links":{"self":[{"href":"https:\/\/medqmedicalsuppliers.co.za\/index.php?rest_route=\/wp\/v2\/product\/14179","targetHints":{"allow":["GET"]}}],"collection":[{"href":"https:\/\/medqmedicalsuppliers.co.za\/index.php?rest_route=\/wp\/v2\/product"}],"about":[{"href":"https:\/\/medqmedicalsuppliers.co.za\/index.php?rest_route=\/wp\/v2\/types\/product"}],"wp:featuredmedia":[{"embeddable":true,"href":"https:\/\/medqmedicalsuppliers.co.za\/index.php?rest_route=\/wp\/v2\/media\/14178"}],"wp:attachment":[{"href":"https:\/\/medqmedicalsuppliers.co.za\/index.php?rest_route=%2Fwp%2Fv2%2Fmedia&parent=14179"}],"wp:term":[{"taxonomy":"product_brand","embeddable":true,"href":"https:\/\/medqmedicalsuppliers.co.za\/index.php?rest_route=%2Fwp%2Fv2%2Fproduct_brand&post=14179"},{"taxonomy":"product_cat","embeddable":true,"href":"https:\/\/medqmedicalsuppliers.co.za\/index.php?rest_route=%2Fwp%2Fv2%2Fproduct_cat&post=14179"},{"taxonomy":"product_tag","embeddable":true,"href":"https:\/\/medqmedicalsuppliers.co.za\/index.php?rest_route=%2Fwp%2Fv2%2Fproduct_tag&post=14179"}],"curies":[{"name":"wp","href":"https:\/\/api.w.org\/{rel}","templated":true}]}}