{"id":36792,"date":"2026-01-09T18:08:46","date_gmt":"2026-01-09T16:08:46","guid":{"rendered":"https:\/\/medqmedicalsuppliers.co.za\/?post_type=product&#038;p=36792"},"modified":"2026-01-09T18:09:14","modified_gmt":"2026-01-09T16:09:14","slug":"import-placeholder-for-16593","status":"publish","type":"product","link":"https:\/\/medqmedicalsuppliers.co.za\/?product=import-placeholder-for-16593","title":{"rendered":"Import placeholder for 16593"},"content":{"rendered":"","protected":false},"excerpt":{"rendered":"<p>Digital Baby Scale, sleek and smooth design for baby\u00eds comfort. Ultra slim platform design. Light weight and accuracy. Measure your baby without tray or with tray.<\/p>\n<p>Specifications:<\/p>\n<p>MODEL:&nbsp;&nbsp; &nbsp;MS3500<br \/>Capacity&nbsp;&nbsp; &nbsp;0 \u00f1 20kg<br \/>0 \u00f1 10kg \u00f15g10 \u00f1 20kg \u00f1 10g<br \/>Dimensions&nbsp;&nbsp; &nbsp;Base:&nbsp; 340(w) x 330(d) x 50mm (h)Tray:&nbsp; 585 (w) x 280 (d) x 120mm (h)<br \/>Accuracy&nbsp;&nbsp; &nbsp;\u00b1 7.5g &lt;10kg &gt; \u00b1 15g<br \/>Tray&nbsp;&nbsp; &nbsp;Yes<br \/>Units of Measure&nbsp;&nbsp; &nbsp;Kg\/lb<br \/>Function Keys&nbsp;&nbsp; &nbsp;ON\/ZERO\/OFF, UNIT, HOLD<br \/>Stabilisation Time&nbsp;&nbsp; &nbsp;1-2 Seconds<br \/>Operating Temperature&nbsp;&nbsp; &nbsp;5\u221eC \/ 35\u221eC<br \/>Power Supply&nbsp;&nbsp; &nbsp;9V Alkaline Battery (not included with unit) \/ AC Adaptor<br \/>Indicator Display&nbsp;&nbsp; &nbsp;1.0&nbsp; LCD Display with 5 active digits.<br \/>Quality Standard&nbsp;&nbsp; &nbsp;CE<\/p>\n","protected":false},"featured_media":36819,"template":"","meta":{"content-type":"","site-sidebar-layout":"default","site-content-layout":"","ast-site-content-layout":"default","site-content-style":"default","site-sidebar-style":"default","ast-global-header-display":"","ast-banner-title-visibility":"","ast-main-header-display":"","ast-hfb-above-header-display":"","ast-hfb-below-header-display":"","ast-hfb-mobile-header-display":"","site-post-title":"","ast-breadcrumbs-content":"","ast-featured-img":"","footer-sml-layout":"","ast-disable-related-posts":"","theme-transparent-header-meta":"","adv-header-id-meta":"","stick-header-meta":"","header-above-stick-meta":"","header-main-stick-meta":"","header-below-stick-meta":"","astra-migrate-meta-layouts":"default","ast-page-background-enabled":"default","ast-page-background-meta":{"desktop":{"background-color":"","background-image":"","background-repeat":"repeat","background-position":"center center","background-size":"auto","background-attachment":"scroll","background-type":"","background-media":"","overlay-type":"","overlay-color":"","overlay-opacity":"","overlay-gradient":""},"tablet":{"background-color":"","background-image":"","background-repeat":"repeat","background-position":"center center","background-size":"auto","background-attachment":"scroll","background-type":"","background-media":"","overlay-type":"","overlay-color":"","overlay-opacity":"","overlay-gradient":""},"mobile":{"background-color":"","background-image":"","background-repeat":"repeat","background-position":"center center","background-size":"auto","background-attachment":"scroll","background-type":"","background-media":"","overlay-type":"","overlay-color":"","overlay-opacity":"","overlay-gradient":""}},"ast-content-background-meta":{"desktop":{"background-color":"var(--ast-global-color-5)","background-image":"","background-repeat":"repeat","background-position":"center center","background-size":"auto","background-attachment":"scroll","background-type":"","background-media":"","overlay-type":"","overlay-color":"","overlay-opacity":"","overlay-gradient":""},"tablet":{"background-color":"var(--ast-global-color-5)","background-image":"","background-repeat":"repeat","background-position":"center center","background-size":"auto","background-attachment":"scroll","background-type":"","background-media":"","overlay-type":"","overlay-color":"","overlay-opacity":"","overlay-gradient":""},"mobile":{"background-color":"var(--ast-global-color-5)","background-image":"","background-repeat":"repeat","background-position":"center center","background-size":"auto","background-attachment":"scroll","background-type":"","background-media":"","overlay-type":"","overlay-color":"","overlay-opacity":"","overlay-gradient":""}}},"product_brand":[],"product_cat":[12420],"product_tag":[5880],"class_list":{"0":"post-36792","1":"product","2":"type-product","3":"status-publish","4":"has-post-thumbnail","6":"product_cat-scales-medical","7":"product_tag-scales","8":"desktop-align-center","9":"tablet-align-center","10":"mobile-align-center","12":"first","13":"instock","14":"sale","15":"shipping-taxable","16":"purchasable","17":"product-type-simple"},"_links":{"self":[{"href":"https:\/\/medqmedicalsuppliers.co.za\/index.php?rest_route=\/wp\/v2\/product\/36792","targetHints":{"allow":["GET"]}}],"collection":[{"href":"https:\/\/medqmedicalsuppliers.co.za\/index.php?rest_route=\/wp\/v2\/product"}],"about":[{"href":"https:\/\/medqmedicalsuppliers.co.za\/index.php?rest_route=\/wp\/v2\/types\/product"}],"wp:featuredmedia":[{"embeddable":true,"href":"https:\/\/medqmedicalsuppliers.co.za\/index.php?rest_route=\/wp\/v2\/media\/36819"}],"wp:attachment":[{"href":"https:\/\/medqmedicalsuppliers.co.za\/index.php?rest_route=%2Fwp%2Fv2%2Fmedia&parent=36792"}],"wp:term":[{"taxonomy":"product_brand","embeddable":true,"href":"https:\/\/medqmedicalsuppliers.co.za\/index.php?rest_route=%2Fwp%2Fv2%2Fproduct_brand&post=36792"},{"taxonomy":"product_cat","embeddable":true,"href":"https:\/\/medqmedicalsuppliers.co.za\/index.php?rest_route=%2Fwp%2Fv2%2Fproduct_cat&post=36792"},{"taxonomy":"product_tag","embeddable":true,"href":"https:\/\/medqmedicalsuppliers.co.za\/index.php?rest_route=%2Fwp%2Fv2%2Fproduct_tag&post=36792"}],"curies":[{"name":"wp","href":"https:\/\/api.w.org\/{rel}","templated":true}]}}