{"id":87369,"date":"2026-04-06T14:01:11","date_gmt":"2026-04-06T12:01:11","guid":{"rendered":"https:\/\/medqmedicalsuppliers.co.za\/?post_type=product&#038;p=87369"},"modified":"2026-04-06T14:01:30","modified_gmt":"2026-04-06T12:01:30","slug":"contec-ecg-1200g-12-channel-electrocardiograph","status":"publish","type":"product","link":"https:\/\/medqmedicalsuppliers.co.za\/?product=contec-ecg-1200g-12-channel-electrocardiograph","title":{"rendered":"Contec ECG 1200G \u2013 12-Channel Electrocardiograph"},"content":{"rendered":"<h2>Contec ECG 1200G Electrocardiograph<\/h2>\n<h2>Product Description<\/h2>\n<p> <strong> 12 Lead Digital ECG EKG Machine <\/p>\n<p>Model:ECG1200G Brand:CONTEC<\/p>\n<p> <\/strong> <\/p>\n<p><strong>Features<\/strong><\/p>\n<p> 1)Sync collection for 12-lead ECG, adopt digital signal processing technology and get high-quality ECG waveform via power frequency filter, baseline filter and EMG filter of ECG signal. <\/p>\n<p>2)Display of 3\/6\/12-lead ECG, print mode, sensitivity, paper speed and filter state, etc. on one screen, convenient for contrastively diagnosing.<\/p>\n<p>3)Multiply printing modes and formats, including auto 12\u00d71, auto 6\u00d72+1, auto 6\u00d72+1_H, auto 6\u00d72, auto 6x2_H, auto 3\u00d74+1, auto 3\u00d74+2, rhythm 12, rhythm 10, rhythm 8, rhythm 6, manual, etc. Trend chart and histogram of P-R interval can be printed, waveform length printed can be adjusted, and with time print function, which meets different requirements.<\/p>\n<p>4)Paper speed: 5mm\/s, 6.25mm\/s, 10mm\/s, 12.5mm\/s, 25mm\/s, 50mm\/s.<\/p>\n<p>5)With the functions of auto-analysis and auto-diagnosis for routine ECG parameters, provide measurement results and auto-diagnosis conclusion for HR, P-R interval, P Duration, QRS Duration, T Duration, Q-T interval, Q-Tc, P Axis, QRS Axis, T Axis, R(V5), S(V1), R(V5)+S(V1), etc. which reduces the doctor\u2019s burden.<\/p>\n<p>6)Built-in memory stores up to 1000 cases, convenient for case review and statistic.<\/p>\n<p>7)Multi-language(Turkish, French, Chinese, English, German, Kazakstan, Polish, Portuguese, Russian, Slovenian, Spanish and Ukrainian) interface and report.<\/p>\n<p>8)In optimal DC state, up to 10-hour standby time, continuous print more than 3-hour, record up to 300 ECG waveform(commonly, it is 3s case), which meets the requirements of visiting a patient at home and body examination.<\/p>\n<table>\n<tbody>\n<tr>\n<td>Screen size<\/td>\n<td>8 inches<\/td>\n<\/tr>\n<tr>\n<td>Leads<\/td>\n<td>12 leads<\/td>\n<\/tr>\n<tr>\n<td>Input way<\/td>\n<td>Floating and defibrillation protection<\/td>\n<\/tr>\n<tr>\n<td>Lead<\/td>\n<td>Standard 12 leads(model:BIP0057)<\/td>\n<\/tr>\n<tr>\n<td>Patient leak current<\/td>\n<td>&lt;10\u00b5A<\/td>\n<\/tr>\n<tr>\n<td>Input impedance<\/td>\n<td>\u226550M\u03a9<\/td>\n<\/tr>\n<tr>\n<td>Frequency response<\/td>\n<td>0.05Hz~150Hz(-3dB)<\/td>\n<\/tr>\n<tr>\n<td>Time constant<\/td>\n<td>Time constant&gt;3.2s<\/td>\n<\/tr>\n<tr>\n<td>CMRR<\/td>\n<td>&gt;60dB, &gt;100dB( Adding filter)<\/td>\n<\/tr>\n<tr>\n<td>EMG interference filter<\/td>\n<td>35Hz(-3dB)<\/td>\n<\/tr>\n<tr>\n<td>Recording way<\/td>\n<td>Thermal printing system<\/td>\n<\/tr>\n<tr>\n<td>Specification of recording paper<\/td>\n<td>210mm(W)*20m(L) high-speed thermal paper<\/td>\n<\/tr>\n<tr>\n<td>Paper speed<\/td>\n<td>Auto record: 25mm\/s, 50mm\/s, error:\u00b15%<\/td>\n<\/tr>\n<tr>\n<td>Rhythm record: 25mm\/s, 50mm\/s, error:\u00b15%<\/td>\n<\/tr>\n<tr>\n<td>Manual record:5mm\/s, 6.25mm\/s, 10mm\/s, 12.5mm\/s, 25mm\/s, 50mm\/s, error:\u00b15%<\/td>\n<\/tr>\n<tr>\n<td>Sensitivity selections<\/td>\n<td>2.5,5,10,20,40mm\/mV, error:\u00b15%. Standard sensitivity is 10mm\/mV\u00b10.2mm\/mV.<\/td>\n<\/tr>\n<tr>\n<td>Auto record<\/td>\n<td>Record setup according to auto record format and mode, automatically changing leads, measuring and analysing.<\/td>\n<\/tr>\n<tr>\n<td>Rhythm record<\/td>\n<td>Record setup according to rhythm record format and mode, automatically measuring and analysing.<\/td>\n<\/tr>\n<tr>\n<td>Manual record<\/td>\n<td>Record setup according to manual record format, manually changing leads.<\/td>\n<\/tr>\n<tr>\n<td>Measurement parameters<\/td>\n<td>HR, P-R interval, P Duration, QRS Duration, T Duration, Q-T interval, Q-Tc, P A*is, QRS A*is, T A*is, R(V5) , S(V1) , R(V5)+S(V1)<\/td>\n<\/tr>\n<tr>\n<td>Product safety type<\/td>\n<td>Class I CF applied part; there is defibrillation and pacing protection circuit in it.<\/td>\n<\/tr>\n<tr>\n<td>Enduring polarization voltage<\/td>\n<td>\u00b1300mV<\/td>\n<\/tr>\n<tr>\n<td>Noise level<\/td>\n<td>\u226415\u00b5Vp-p<\/td>\n<\/tr>\n<tr>\n<td>Fuse specification<\/td>\n<td>2 pcs \u03c65*20mm AC time lag; T1.6A\/250V(Power supply 220V)<\/td>\n<\/tr>\n<tr>\n<td>Size<\/td>\n<td>340mm(L)*320mm(W)*85mm(H)<\/td>\n<\/tr>\n<tr>\n<td>Net Weight<\/td>\n<td>3.2Kg<\/td>\n<\/tr>\n<\/tbody>\n<\/table>\n<p> <strong>Accessories<\/strong> <\/p>\n<p>Standard:<\/p>\n<p>-A lead cable<\/p>\n<p>-A limb electrode<\/p>\n<p>-A chest electrode<\/p>\n<p>-A thermal recording paper<\/p>\n<p>-A power cord<\/p>\n<p>-An earth wire<\/p>\n<p>-A user manual<\/p>\n<p>Optional:<\/p>\n<p>-ECG-Sync software+USB cable<\/p>\n<p>-ECG electrode<\/p>\n<p>-Bag<\/p>\n<p>-Conductive paste<\/p>\n<p>-USB cable<\/p>\n<p>-3G card<\/p>\n<p>-Wi-Fi card<\/p>\n<p>-Remote Operation Guide<\/p>\n","protected":false},"excerpt":{"rendered":"<h2>Contec ECG 1200G Electrocardiograph<\/h2>\n<h2>Product Description<\/h2>\n<p> <strong> 12 Lead Digital ECG EKG Machine <\/p>\n<p>Model:ECG1200G Brand:CONTEC<\/p>\n<p> <\/strong> <\/p>\n<p><strong>Features<\/strong><\/p>\n<p> 1)Sync collection for 12-lead ECG, adopt digital signal processing technology and get high-quality ECG waveform via power frequency filter, baseline filter and EMG filter of ECG signal. <\/p>\n<p>2)Display of 3\/6\/12-lead ECG, print mode, sensitivity, paper speed and filter state, etc. on one screen, convenient for contrastively diagnosing.<\/p>\n<p>3)Multiply printing modes and formats, including auto 12\u00d71, auto 6\u00d72+1, auto 6\u00d72+1_H, auto 6\u00d72, auto 6x2_H, auto 3\u00d74+1, auto 3\u00d74+2, rhythm 12, rhythm 10, rhythm 8, rhythm 6, manual, etc. Trend chart and histogram of P-R interval can be printed, waveform length printed can be adjusted, and with time print function, which meets different requirements.<\/p>\n<p>4)Paper speed: 5mm\/s, 6.25mm\/s, 10mm\/s, 12.5mm\/s, 25mm\/s, 50mm\/s.<\/p>\n<p>5)With the functions of auto-analysis and auto-diagnosis for routine ECG parameters, provide measurement results and auto-diagnosis conclusion for HR, P-R interval, P Duration, QRS Duration, T Duration, Q-T interval, Q-Tc, P Axis, QRS Axis, T Axis, R(V5), S(V1), R(V5)+S(V1), etc. which reduces the doctor\u2019s burden.<\/p>\n<p>6)Built-in memory stores up to 1000 cases, convenient for case review and statistic.<\/p>\n<p>7)Multi-language(Turkish, French, Chinese, English, German, Kazakstan, Polish, Portuguese, Russian, Slovenian, Spanish and Ukrainian) interface and report.<\/p>\n<p>8)In optimal DC state, up to 10-hour standby time, continuous print more than 3-hour, record up to 300 ECG waveform(commonly, it is 3s case), which meets the requirements of visiting a patient at home and body examination.<\/p>\n<table>\n<tbody>\n<tr>\n<td>Screen size<\/td>\n<td>8 inches<\/td>\n<\/tr>\n<tr>\n<td>Leads<\/td>\n<td>12 leads<\/td>\n<\/tr>\n<tr>\n<td>Input way<\/td>\n<td>Floating and defibrillation protection<\/td>\n<\/tr>\n<tr>\n<td>Lead<\/td>\n<td>Standard 12 leads(model:BIP0057)<\/td>\n<\/tr>\n<tr>\n<td>Patient leak current<\/td>\n<td>&lt;10\u00b5A<\/td>\n<\/tr>\n<tr>\n<td>Input impedance<\/td>\n<td>\u226550M\u03a9<\/td>\n<\/tr>\n<tr>\n<td>Frequency response<\/td>\n<td>0.05Hz~150Hz(-3dB)<\/td>\n<\/tr>\n<tr>\n<td>Time constant<\/td>\n<td>Time constant&gt;3.2s<\/td>\n<\/tr>\n<tr>\n<td>CMRR<\/td>\n<td>&gt;60dB, &gt;100dB( Adding filter)<\/td>\n<\/tr>\n<tr>\n<td>EMG interference filter<\/td>\n<td>35Hz(-3dB)<\/td>\n<\/tr>\n<tr>\n<td>Recording way<\/td>\n<td>Thermal printing system<\/td>\n<\/tr>\n<tr>\n<td>Specification of recording paper<\/td>\n<td>210mm(W)*20m(L) high-speed thermal paper<\/td>\n<\/tr>\n<tr>\n<td>Paper speed<\/td>\n<td>Auto record: 25mm\/s, 50mm\/s, error:\u00b15%<\/td>\n<\/tr>\n<tr>\n<td>Rhythm record: 25mm\/s, 50mm\/s, error:\u00b15%<\/td>\n<\/tr>\n<tr>\n<td>Manual record:5mm\/s, 6.25mm\/s, 10mm\/s, 12.5mm\/s, 25mm\/s, 50mm\/s, error:\u00b15%<\/td>\n<\/tr>\n<tr>\n<td>Sensitivity selections<\/td>\n<td>2.5,5,10,20,40mm\/mV, error:\u00b15%. Standard sensitivity is 10mm\/mV\u00b10.2mm\/mV.<\/td>\n<\/tr>\n<tr>\n<td>Auto record<\/td>\n<td>Record setup according to auto record format and mode, automatically changing leads, measuring and analysing.<\/td>\n<\/tr>\n<tr>\n<td>Rhythm record<\/td>\n<td>Record setup according to rhythm record format and mode, automatically measuring and analysing.<\/td>\n<\/tr>\n<tr>\n<td>Manual record<\/td>\n<td>Record setup according to manual record format, manually changing leads.<\/td>\n<\/tr>\n<tr>\n<td>Measurement parameters<\/td>\n<td>HR, P-R interval, P Duration, QRS Duration, T Duration, Q-T interval, Q-Tc, P A*is, QRS A*is, T A*is, R(V5) , S(V1) , R(V5)+S(V1)<\/td>\n<\/tr>\n<tr>\n<td>Product safety type<\/td>\n<td>Class I CF applied part; there is defibrillation and pacing protection circuit in it.<\/td>\n<\/tr>\n<tr>\n<td>Enduring polarization voltage<\/td>\n<td>\u00b1300mV<\/td>\n<\/tr>\n<tr>\n<td>Noise level<\/td>\n<td>\u226415\u00b5Vp-p<\/td>\n<\/tr>\n<tr>\n<td>Fuse specification<\/td>\n<td>2 pcs \u03c65*20mm AC time lag; T1.6A\/250V(Power supply 220V)<\/td>\n<\/tr>\n<tr>\n<td>Size<\/td>\n<td>340mm(L)*320mm(W)*85mm(H)<\/td>\n<\/tr>\n<tr>\n<td>Net Weight<\/td>\n<td>3.2Kg<\/td>\n<\/tr>\n<\/tbody>\n<\/table>\n<p> <strong>Accessories<\/strong> <\/p>\n<p>Standard:<\/p>\n<p>-A lead cable<\/p>\n<p>-A limb electrode<\/p>\n<p>-A chest electrode<\/p>\n<p>-A thermal recording paper<\/p>\n<p>-A power cord<\/p>\n<p>-An earth wire<\/p>\n<p>-A user manual<\/p>\n<p>Optional:<\/p>\n<p>-ECG-Sync software+USB cable<\/p>\n<p>-ECG electrode<\/p>\n<p>-Bag<\/p>\n<p>-Conductive paste<\/p>\n<p>-USB cable<\/p>\n<p>-3G card<\/p>\n<p>-Wi-Fi card<\/p>\n<p>-Remote Operation Guide<\/p>\n","protected":false},"featured_media":87397,"template":"","meta":{"content-type":"","site-sidebar-layout":"default","site-content-layout":"","ast-site-content-layout":"default","site-content-style":"default","site-sidebar-style":"default","ast-global-header-display":"","ast-banner-title-visibility":"","ast-main-header-display":"","ast-hfb-above-header-display":"","ast-hfb-below-header-display":"","ast-hfb-mobile-header-display":"","site-post-title":"","ast-breadcrumbs-content":"","ast-featured-img":"","footer-sml-layout":"","ast-disable-related-posts":"","theme-transparent-header-meta":"","adv-header-id-meta":"","stick-header-meta":"","header-above-stick-meta":"","header-main-stick-meta":"","header-below-stick-meta":"","astra-migrate-meta-layouts":"default","ast-page-background-enabled":"default","ast-page-background-meta":{"desktop":{"background-color":"","background-image":"","background-repeat":"repeat","background-position":"center center","background-size":"auto","background-attachment":"scroll","background-type":"","background-media":"","overlay-type":"","overlay-color":"","overlay-opacity":"","overlay-gradient":""},"tablet":{"background-color":"","background-image":"","background-repeat":"repeat","background-position":"center center","background-size":"auto","background-attachment":"scroll","background-type":"","background-media":"","overlay-type":"","overlay-color":"","overlay-opacity":"","overlay-gradient":""},"mobile":{"background-color":"","background-image":"","background-repeat":"repeat","background-position":"center center","background-size":"auto","background-attachment":"scroll","background-type":"","background-media":"","overlay-type":"","overlay-color":"","overlay-opacity":"","overlay-gradient":""}},"ast-content-background-meta":{"desktop":{"background-color":"var(--ast-global-color-5)","background-image":"","background-repeat":"repeat","background-position":"center center","background-size":"auto","background-attachment":"scroll","background-type":"","background-media":"","overlay-type":"","overlay-color":"","overlay-opacity":"","overlay-gradient":""},"tablet":{"background-color":"var(--ast-global-color-5)","background-image":"","background-repeat":"repeat","background-position":"center center","background-size":"auto","background-attachment":"scroll","background-type":"","background-media":"","overlay-type":"","overlay-color":"","overlay-opacity":"","overlay-gradient":""},"mobile":{"background-color":"var(--ast-global-color-5)","background-image":"","background-repeat":"repeat","background-position":"center center","background-size":"auto","background-attachment":"scroll","background-type":"","background-media":"","overlay-type":"","overlay-color":"","overlay-opacity":"","overlay-gradient":""}}},"product_brand":[],"product_cat":[5901],"product_tag":[26932],"class_list":{"0":"post-87369","1":"product","2":"type-product","3":"status-publish","4":"has-post-thumbnail","6":"product_cat-diagnostics","7":"product_tag-contec-ecg-1200g-12-channel-electrocardiograph","8":"desktop-align-center","9":"tablet-align-center","10":"mobile-align-center","12":"first","13":"instock","14":"shipping-taxable","15":"purchasable","16":"product-type-simple"},"_links":{"self":[{"href":"https:\/\/medqmedicalsuppliers.co.za\/index.php?rest_route=\/wp\/v2\/product\/87369","targetHints":{"allow":["GET"]}}],"collection":[{"href":"https:\/\/medqmedicalsuppliers.co.za\/index.php?rest_route=\/wp\/v2\/product"}],"about":[{"href":"https:\/\/medqmedicalsuppliers.co.za\/index.php?rest_route=\/wp\/v2\/types\/product"}],"wp:featuredmedia":[{"embeddable":true,"href":"https:\/\/medqmedicalsuppliers.co.za\/index.php?rest_route=\/wp\/v2\/media\/87397"}],"wp:attachment":[{"href":"https:\/\/medqmedicalsuppliers.co.za\/index.php?rest_route=%2Fwp%2Fv2%2Fmedia&parent=87369"}],"wp:term":[{"taxonomy":"product_brand","embeddable":true,"href":"https:\/\/medqmedicalsuppliers.co.za\/index.php?rest_route=%2Fwp%2Fv2%2Fproduct_brand&post=87369"},{"taxonomy":"product_cat","embeddable":true,"href":"https:\/\/medqmedicalsuppliers.co.za\/index.php?rest_route=%2Fwp%2Fv2%2Fproduct_cat&post=87369"},{"taxonomy":"product_tag","embeddable":true,"href":"https:\/\/medqmedicalsuppliers.co.za\/index.php?rest_route=%2Fwp%2Fv2%2Fproduct_tag&post=87369"}],"curies":[{"name":"wp","href":"https:\/\/api.w.org\/{rel}","templated":true}]}}